{"id":1551,"date":"2022-08-18T17:23:58","date_gmt":"2022-08-18T20:23:58","guid":{"rendered":"https:\/\/belgalux.com.br\/?page_id=1551"},"modified":"2026-03-27T16:42:41","modified_gmt":"2026-03-27T19:42:41","slug":"governanca","status":"publish","type":"page","link":"https:\/\/belgalux.com.br\/en\/governanca\/","title":{"rendered":"Governance"},"content":{"rendered":"<div data-elementor-type=\"wp-page\" data-elementor-id=\"1551\" class=\"elementor elementor-1551\" data-elementor-post-type=\"page\">\n\t\t\t\t\t\t<section class=\"elementor-section elementor-top-section elementor-element elementor-element-21dbcc21 elementor-section-height-min-height elementor-section-boxed elementor-section-height-default elementor-section-items-middle\" data-id=\"21dbcc21\" data-element_type=\"section\" data-e-type=\"section\" data-settings=\"{&quot;background_background&quot;:&quot;classic&quot;}\">\n\t\t\t\t\t\t<div class=\"elementor-container elementor-column-gap-no\">\n\t\t\t\t\t<div class=\"elementor-column elementor-col-100 elementor-top-column elementor-element elementor-element-3cc2ff11\" data-id=\"3cc2ff11\" data-element_type=\"column\" data-e-type=\"column\">\n\t\t\t<div class=\"elementor-widget-wrap elementor-element-populated\">\n\t\t\t\t\t\t<div class=\"elementor-element elementor-element-5c74274 elementor-widget elementor-widget-heading\" data-id=\"5c74274\" data-element_type=\"widget\" data-e-type=\"widget\" data-widget_type=\"heading.default\">\n\t\t\t\t<div class=\"elementor-widget-container\">\n\t\t\t\t\t<h1 class=\"elementor-heading-title elementor-size-default\">Governance<\/h1>\t\t\t\t<\/div>\n\t\t\t\t<\/div>\n\t\t\t\t\t<\/div>\n\t\t<\/div>\n\t\t\t\t\t<\/div>\n\t\t<\/section>\n\t\t\t\t<section class=\"elementor-section elementor-top-section elementor-element elementor-element-20cb92c8 elementor-section-boxed elementor-section-height-default elementor-section-height-default\" data-id=\"20cb92c8\" data-element_type=\"section\" data-e-type=\"section\">\n\t\t\t\t\t\t<div class=\"elementor-container elementor-column-gap-no\">\n\t\t\t\t\t<div class=\"elementor-column elementor-col-100 elementor-top-column elementor-element elementor-element-43a07c8b\" data-id=\"43a07c8b\" data-element_type=\"column\" data-e-type=\"column\">\n\t\t\t<div class=\"elementor-widget-wrap elementor-element-populated\">\n\t\t\t\t\t\t<div class=\"elementor-element elementor-element-38147189 elementor-widget-divider--view-line elementor-widget elementor-widget-divider\" data-id=\"38147189\" data-element_type=\"widget\" data-e-type=\"widget\" data-widget_type=\"divider.default\">\n\t\t\t\t<div class=\"elementor-widget-container\">\n\t\t\t\t\t\t\t<div class=\"elementor-divider\">\n\t\t\t<span class=\"elementor-divider-separator\">\n\t\t\t\t\t\t<\/span>\n\t\t<\/div>\n\t\t\t\t\t\t<\/div>\n\t\t\t\t<\/div>\n\t\t\t\t<div class=\"elementor-element elementor-element-648b6136 elementor-widget elementor-widget-text-editor\" data-id=\"648b6136\" data-element_type=\"widget\" data-e-type=\"widget\" data-widget_type=\"text-editor.default\">\n\t\t\t\t<div class=\"elementor-widget-container\">\n\t\t\t\t\t\t\t\t\t<p>Belgalux is managed by a voluntary board of directors and an Advisory Board. The board of directors, which includes the chairman, and the Advisory Board, are elected by members who are up to date with their dues, for two-year terms. Directors may have their successive terms renewed only once, for a maximum period of four consecutive years.<\/p><p>By April 31 of each year, at least one Ordinary General Meeting (AGO) takes place, in which the Board of Directors' Activity Report, the Administrative and Financial Director's Report, both from the previous year, and the Budget Proposal for the current year are approved.<\/p><p>At these same AGMs and generally in even-numbered years, new elections for the Board of Directors and the Advisory Board are held.<\/p>\t\t\t\t\t\t\t\t<\/div>\n\t\t\t\t<\/div>\n\t\t\t\t\t<\/div>\n\t\t<\/div>\n\t\t\t\t\t<\/div>\n\t\t<\/section>\n\t\t\t\t<section class=\"elementor-section elementor-top-section elementor-element elementor-element-6ec4b883 elementor-section-boxed elementor-section-height-default elementor-section-height-default\" data-id=\"6ec4b883\" data-element_type=\"section\" data-e-type=\"section\">\n\t\t\t\t\t\t<div class=\"elementor-container elementor-column-gap-no\">\n\t\t\t\t\t<div class=\"elementor-column elementor-col-100 elementor-top-column elementor-element elementor-element-30776e7\" data-id=\"30776e7\" data-element_type=\"column\" data-e-type=\"column\">\n\t\t\t<div class=\"elementor-widget-wrap elementor-element-populated\">\n\t\t\t\t\t\t<div class=\"elementor-element elementor-element-4947e442 elementor-widget elementor-widget-heading\" data-id=\"4947e442\" data-element_type=\"widget\" data-e-type=\"widget\" data-widget_type=\"heading.default\">\n\t\t\t\t<div class=\"elementor-widget-container\">\n\t\t\t\t\t<h2 class=\"elementor-heading-title elementor-size-default\">Legal Documents<\/h2>\t\t\t\t<\/div>\n\t\t\t\t<\/div>\n\t\t\t\t<div class=\"elementor-element elementor-element-755e6b7 elementor-widget elementor-widget-text-editor\" data-id=\"755e6b7\" data-element_type=\"widget\" data-e-type=\"widget\" data-widget_type=\"text-editor.default\">\n\t\t\t\t<div class=\"elementor-widget-container\">\n\t\t\t\t\t\t\t\t\t<p>Documents available for download are marked with an icon next to them. Other documents are available upon request.<\/p>\t\t\t\t\t\t\t\t<\/div>\n\t\t\t\t<\/div>\n\t\t\t\t<div class=\"elementor-element elementor-element-04e9179 elementor-widget elementor-widget-text-editor\" data-id=\"04e9179\" data-element_type=\"widget\" data-e-type=\"widget\" data-widget_type=\"text-editor.default\">\n\t\t\t\t<div class=\"elementor-widget-container\">\n\t\t\t\t\t\t\t\t\t<b>Financial<\/b>\n<ul>\n \t<li>Our Current and Investment Accounts are at Banco Bradesco Brasil<\/li>\n<\/ul>\n<b>Latest Belgalux Statutes (PDF download)<\/b>\n<ul>\n \t<li><a href=\"https:\/\/belgalux.com.br\/wp-content\/uploads\/2023\/09\/19380101-Livreto-com-Estatuto-mencionando-1938.pdf\" target=\"_blank\" rel=\"noopener\"><img decoding=\"async\" src=\"https:\/\/belgalux.com.br\/wp-content\/uploads\/2023\/09\/icon-pdf.png\" alt=\"\" width=\"25\" height=\"25\" \/>18\/10\/1938 \u2013 Estatutos Sociais da C\u00e2mara de Comercio Belgo-Brasileira em S\u00e3o Paulo (revogados)<\/a><\/li>\n \t<li>04\/01\/1969 \u2013 Estatutos Sociais da C\u00e2mara de Com\u00e9rcio Belgo-Luxemburguesa no Brasil (revogados)<\/li>\n \t<li>19\/07\/1995 &#8211; Estatutos Sociais (revogados)<\/li>\n \t<li>03\/12\/2003 &#8211; Estatutos Sociais (revogados)<\/li>\n \t<li>29\/05\/2009 &#8211; Estatutos Sociais (revogados)<\/li>\n \t<li><a href=\"https:\/\/belgalux.com.br\/wp-content\/uploads\/2023\/09\/20180919-Estatuto-Belgalux-REGISTRADOS.pdf\" target=\"_blank\" rel=\"noopener\"><img decoding=\"async\" src=\"https:\/\/belgalux.com.br\/wp-content\/uploads\/2023\/09\/icon-pdf.png\" alt=\"\" width=\"25\" height=\"25\" \/>19\/09\/2018 \u2013 Estatutos Sociais Atuais aprovados em AGO<\/a><\/li>\n<\/ul>\n<b>Code of Ethics and Conduct<\/b>\n<ul>\n \t<li><a href=\"https:\/\/belgalux.com.br\/wp-content\/uploads\/2024\/06\/20031203-Ata-AGE-REGISTRADA-com-Codigo-de-Etica-e-Novo-Estatuto.pdf\" target=\"_blank\" rel=\"noopener\"><img decoding=\"async\" src=\"https:\/\/belgalux.com.br\/wp-content\/uploads\/2023\/09\/icon-pdf.png\" alt=\"\" width=\"25\" height=\"25\" \/>03\/12\/2003 \u2013 Aprovados em AGE<\/a><\/li>\n<\/ul>\n<b>Upcoming General Assemblies<\/b>\n<ul>\n \t<li>09\/04\/2026 \u2013 AGO \u2013 Aprova\u00e7\u00e3o das Contas de 2025 e Or\u00e7amento 2026,\u00a0 elei\u00e7\u00e3o de nova diretoria para o bi\u00eanio 2026-2028 e elei\u00e7\u00e3o de novos membros do Conselho Fiscal<\/li>\n<\/ul>\n<b>AGM and AGE from 2000 to date \u2013 all duly registered with the 3rd Civil Registry Office for Legal Entities of the District of S\u00e3o Paulo (minutes on request for members)<\/b>\n\n<strong><em>Listados do mais recente ao mais antigo<\/em><\/strong>\n<ul>\n \t<li>29\/04\/2025 \u2013 AGO \u2013 Aprova\u00e7\u00e3o de contas 2024 \u2013 Ata Registrada<\/li>\n \t<li>25\/04\/2024 \u2013 AGO \u2013 Aprova\u00e7\u00e3o de contas 2023 e Elei\u00e7\u00e3o de nova Diretoria \u2013 Ata Registrada\n<ul><li><i>Presidente 2024-2026 : Damien Grimmelprez<\/i><\/li><\/ul><\/li>\n \t<li>25\/05\/2023 \u2013 AGO &#8211; Aprova\u00e7\u00e3o de contas 2022 &#8211; Ata Registrada<\/li>\n \t<li>27\/04\/2022 \u2013 AGO &#8211; Aprova\u00e7\u00e3o de contas 2021 e Elei\u00e7\u00e3o de nova Diretoria\n<ul>\n \t<li><i>Presidente 2022-2024 : Damien Grimmelprez<\/i><\/li>\n<\/ul>\n<\/li>\n \t<li>26\/05\/2021 \u2013 AGO &#8211; Aprova\u00e7\u00e3o de contas 2020, Ren\u00fancia do Presidente e ratifica\u00e7\u00e3o do Vice-Presidente com novo Presidente\n<ul>\n \t<li><i>Presidente 2021-2022 : Jos\u00e9 Carlos Szymonowicz<\/i><\/li>\n<\/ul>\n<\/li>\n \t<li>16\/06\/2020 \u2013 AGO &#8211; Aprova\u00e7\u00e3o de contas 2019 e Elei\u00e7\u00e3o de nova Diretoria\n<ul>\n \t<li><i>Presidente 2020-2022 : Tom Maes<\/i><\/li>\n<\/ul>\n<\/li>\n \t<li>20\/03\/2020 \u2013 Evento Extraordin\u00e1rio &#8211; Declara\u00e7\u00e3o de Pandemia de Covid-19<\/li>\n \t<li>17\/06\/2019 &#8211; AGO &#8211; Aprova\u00e7\u00e3o de contas 2018<\/li>\n \t<li>19\/09\/2018 &#8211; AGE \u2013 Modifica\u00e7\u00f5es Estatut\u00e1rias e Consolida\u00e7\u00e3o dos Estatutos Sociais<\/li>\n \t<li>25\/04\/2018 &#8211; AGO &#8211; Aprova\u00e7\u00e3o de contas 2017 e Elei\u00e7\u00e3o de nova Diretoria\n<ul>\n \t<li><i>Diretor Presidente 2018-2020 : Rudinei Carapinheiro<\/i><\/li>\n<\/ul>\n<\/li>\n \t<li>17\/05\/2017 &#8211; AGO &#8211; Aprova\u00e7\u00e3o de contas 2016<\/li>\n \t<li>16\/05\/2016 &#8211; AGO &#8211; Aprova\u00e7\u00e3o de contas 2015 e Elei\u00e7\u00e3o de nova Diretoria\n<ul>\n \t<li><i>Diretor Presidente 2016-2018 : Patrick Fidry<\/i><\/li>\n<\/ul>\n<\/li>\n \t<li>07\/07\/2015 \u2013 AGE \u2013 Ren\u00fancia do Presidente e Ratifica\u00e7\u00e3o do Vice Presidente como novo Presidente\n<ul>\n \t<li><i>Diretor Presidente 2015-2018 : Patrick Fidry<\/i><\/li>\n<\/ul>\n<\/li>\n \t<li>14\/05\/2015 \u2013 AGE \u2013 Aprova\u00e7\u00e3o de contas 2014<\/li>\n \t<li>08\/05\/2014 &#8211; AGO &#8211; Aprova\u00e7\u00e3o de contas 2013 e Elei\u00e7\u00e3o de nova Diretoria\n<ul>\n \t<li><i>Diretor Presidente 2014-2016 : Daniel Kedzierski<\/i><\/li>\n<\/ul>\n<\/li>\n \t<li>27\/05\/2013 \u2013 AGO &#8211; Aprova\u00e7\u00e3o de contas 2012<\/li>\n \t<li>06\/04\/2012 &#8211; AGO &#8211; Aprova\u00e7\u00e3o de contas 2011 e Elei\u00e7\u00e3o de nova Diretoria\n<ul>\n \t<li><i>Diretor Presidente 2012-2014 : Robert Lambermont<\/i><\/li>\n<\/ul>\n<\/li>\n \t<li>23\/03\/2011 \u2013 AG0 \u2013 Aprova\u00e7\u00e3o de contas 2010<\/li>\n \t<li>03\/05\/2010 &#8211; AGO &#8211; Aprova\u00e7\u00e3o de contas 2009 e Elei\u00e7\u00e3o de nova Diretoria\n<ul>\n \t<li><i>Diretor Presidente 2010-2012 : Yves Jadoul<\/i><\/li>\n<\/ul>\n<\/li>\n \t<li>20\/05\/2009 \u2013 AGE \u2013 \u2013 Modifica\u00e7\u00f5es Estatut\u00e1rias e Consolida\u00e7\u00e3o dos Estatutos Sociais<\/li>\n \t<li>20\/05\/2009 \u2013 AGO &#8211; Aprova\u00e7\u00e3o de contas 2008<\/li>\n \t<li>10\/06\/2008 &#8211; AGO &#8211; Aprova\u00e7\u00e3o de contas 2009 e Elei\u00e7\u00e3o de nova Diretoria\n<ul>\n \t<li><i>Diretor Presidente 2008-2010 : Bernard Jeger<\/i><\/li>\n<\/ul>\n<\/li>\n \t<li>21\/08\/2007 \u2013 AGO &#8211; Aprova\u00e7\u00e3o de contas 2006<\/li>\n \t<li>03\/05\/2006 &#8211; AGO &#8211; Aprova\u00e7\u00e3o de contas 2005 e Elei\u00e7\u00e3o de nova Diretoria\n<ul>\n \t<li><i>Diretor Presidente 2008-2010 : Yves Jadoul<\/i><\/li>\n<\/ul>\n<\/li>\n \t<li>10\/10\/2005 \u2013 AGE \u2013 Modifica\u00e7\u00f5es Estatut\u00e1rias e Consolida\u00e7\u00e3o dos Estatutos Sociais<\/li>\n \t<li>28\/04\/2005 &#8211; AGO &#8211; Aprova\u00e7\u00e3o de contas 2004<\/li>\n \t<li>05\/05\/2004 &#8211; AGO &#8211; Aprova\u00e7\u00e3o de contas 2003 e Elei\u00e7\u00e3o de nova Diretoria\n<ul>\n \t<li><i>Diretor Presidente 2004-2006 : Yves Jadoul<\/i><\/li>\n<\/ul>\n<\/li>\n \t<li>03\/12\/2003 \u2013 AGE com novo Estatutos Sociais seguindo o novo C\u00f3digo Civil Brasileiro. Extin\u00e7\u00e3o do Conselho de Administra\u00e7\u00e3o. Diretoria e Conselho Consultivo eleitos diretamente pelos Associados &#8211; Diretoria transit\u00f3ria at\u00e9 05\/2004\n<ul>\n \t<li><i>Diretor Presidente transit\u00f3rio 12\/2003-05\/2004 : Yves Jadoul<\/i><\/li>\n<\/ul>\n<\/li>\n \t<li>03\/12\/2003 \u2013 Aprova\u00e7\u00e3o do novo C\u00f3digo de \u00c9tica da BELGALUX<\/li>\n \t<li><a href=\"https:\/\/belgalux.com.br\/wp-content\/uploads\/2024\/01\/20031203-Ata-AGE-REGISTRADA-com-Codigo-de-Etica-e-Novo-Estatuto.pdf\" target=\"_blank\" rel=\"noopener\"><img decoding=\"async\" src=\"https:\/\/belgalux.com.br\/wp-content\/uploads\/2023\/09\/icon-pdf.png\" alt=\"\" width=\"25\" height=\"25\" \/>01\/06\/2003 \u2013 Nova denomina\u00e7\u00e3o oficial como BELGALUX e novo logotipo<\/a><\/li>\n \t<li>07\/05\/2003 &#8211; AGO &#8211; Aprova\u00e7\u00e3o de contas 2002 e Elei\u00e7\u00e3o de nova Diretoria\n<ul>\n \t<li><i>Diretor Presidente 2003-2005 : Yves Jadoul<\/i><\/li>\n<\/ul>\n<\/li>\n \t<li>05\/06\/2002 \u2013 AGO &#8211; Aprova\u00e7\u00e3o de contas 2001, Renuncia do Presidente e ratifica\u00e7\u00e3o da Vice Presidente como nova Presidente\n<ul>\n \t<li><i>Diretora Presidente 2002-2003 : Madeleine Onclinx<\/i><\/li>\n<\/ul>\n<\/li>\n \t<li>29\/05\/2001 \u2013 AGO &#8211; Aprova\u00e7\u00e3o de contas 2000 e Elei\u00e7\u00e3o de membros do Conselho de Administra\u00e7\u00e3o &#8211; Elei\u00e7\u00e3o de Nova Diretoria\n<ul>\n \t<li><i>Diretor Presidente 2001-2003 : Luc Mertens<\/i><\/li>\n<\/ul>\n<\/li>\n \t<li>25\/05\/2000 \u2013 AGO &#8211; Aprova\u00e7\u00e3o de contas 1999<\/li>\n<\/ul>\n<b>AGM and AGE of the foundation until 1999:<\/b>\n<ul>\n \t<li>09\/12\/1999 \u2013 AGO &#8211; Aprova\u00e7\u00e3o de contas 1998 e Elei\u00e7\u00e3o de membros do Conselho de Administra\u00e7\u00e3o &#8211; Elei\u00e7\u00e3o de Nova Diretoria\n<ul>\n \t<li><i>Diretor Presidente 1999-2001 : John Arnstein<\/i><\/li>\n<\/ul>\n<\/li>\n \t<li>28\/05\/1998 \u2013 AGO &#8211; Aprova\u00e7\u00e3o de contas 1997<\/li>\n \t<li>26\/06\/1997 \u2013 AGO &#8211; Aprova\u00e7\u00e3o de contas 1996 Ren\u00fancia do Presidente e Elei\u00e7\u00e3o de membros do Conselho de Administra\u00e7\u00e3o &#8211; Elei\u00e7\u00e3o de Nova Diretoria\n<ul>\n \t<li><i>Diretor Presidente 1997-1999 : John Arnstein<\/i><\/li>\n<\/ul>\n<\/li>\n \t<li>25\/04\/1996 \u2013 AGO &#8211; Aprova\u00e7\u00e3o de contas 1995 e Elei\u00e7\u00e3o de membros do Conselho de Administra\u00e7\u00e3o &#8211; Elei\u00e7\u00e3o de Nova Diretoria\n<ul>\n \t<li><i>Diretor Presidente 1996-1998 : Marcel Lemouche<\/i><\/li>\n<\/ul>\n<\/li>\n \t<li>19\/07\/1995 \u2013 AGO &#8211; Aprova\u00e7\u00e3o de contas 1994<\/li>\n \t<li>30\/05\/1994 \u2013 AGO &#8211; Aprova\u00e7\u00e3o de contas 1993 e Elei\u00e7\u00e3o de membros do Conselho de Administra\u00e7\u00e3o &#8211; Elei\u00e7\u00e3o de Nova Diretoria\n<ul>\n \t<li><i>Diretor Presidente 1994-1996 : Marcel Lemouche<\/i><\/li>\n<\/ul>\n<\/li>\n \t<li>07\/03\/1991 \u2013 AGO &#8211; Aprova\u00e7\u00e3o de contas 1990 e Elei\u00e7\u00e3o de membros do Conselho de Administra\u00e7\u00e3o &#8211; Elei\u00e7\u00e3o de Nova Diretoria\n<ul>\n \t<li><i>Diretor Presidente 1991-1993 : Jean Michel Rosenfeld<\/i><\/li>\n<\/ul>\n<\/li>\n \t<li>10\/05\/1989 \u2013 AGO &#8211; Aprova\u00e7\u00e3o de contas 1988 e Elei\u00e7\u00e3o de membros do Conselho de Administra\u00e7\u00e3o &#8211; Elei\u00e7\u00e3o de Nova Diretoria\n<ul>\n \t<li><i>Presidente do Conselho 1989-1991 : Jean Michel Rosenfeld<\/i><\/li>\n<\/ul>\n<\/li>\n \t<li>24\/05\/1988 &#8211; AGO &#8211; Aprova\u00e7\u00e3o de contas 1987<\/li>\n \t<li>21\/05\/1987 &#8211; AGO &#8211; Aprova\u00e7\u00e3o de contas 1986 e Elei\u00e7\u00e3o de membros do Conselho de Administra\u00e7\u00e3o\n<ul>\n \t<li><i>Presidente do Conselho 1987-1988 : Jean Michel Rosenfeld<\/i><\/li>\n<\/ul>\n<\/li>\n \t<li>29\/04\/1986 &#8211; AGO &#8211; Aprova\u00e7\u00e3o de contas 1985 e Elei\u00e7\u00e3o de membros do Conselho de Administra\u00e7\u00e3o\n<ul>\n \t<li><i>Presidente do Conselho 1986-1987 : Roger Weckx<\/i><\/li>\n<\/ul>\n<\/li>\n \t<li>26\/04\/1985 &#8211; AGO &#8211; Aprova\u00e7\u00e3o de contas 1984 e Elei\u00e7\u00e3o de membros do Conselho de Administra\u00e7\u00e3o\n<ul>\n \t<li><i>Presidente do Conselho 1985-1986 : Marcel Lemouche<\/i><\/li>\n<\/ul>\n<\/li>\n \t<li>30\/05\/1984 &#8211; AGO &#8211; Aprova\u00e7\u00e3o de contas 1983 e Elei\u00e7\u00e3o de membros do Conselho de Administra\u00e7\u00e3o\n<ul>\n \t<li><i>Presidente do Conselho 1984-1985 : Roger Weckx<\/i><\/li>\n<\/ul>\n<\/li>\n \t<li>21\/06\/1983 &#8211; AGO &#8211; Aprova\u00e7\u00e3o de contas 1982 e Elei\u00e7\u00e3o de membros do Conselho de Administra\u00e7\u00e3o\n<ul>\n \t<li><i>Presidente do Conselho 1983-1984 : Roger Weckx<\/i><\/li>\n<\/ul>\n<\/li>\n \t<li>12\/08\/1982 &#8211; AGO &#8211; Aprova\u00e7\u00e3o de contas 1981 e Elei\u00e7\u00e3o de membros do Conselho de Administra\u00e7\u00e3o\n<ul>\n \t<li><i>Presidente do Conselho 1982-1983 : Roger Weckx<\/i><\/li>\n<\/ul>\n<\/li>\n \t<li>08\/04\/1981 \u2013 AGO &#8211; Aprova\u00e7\u00e3o de contas 1981 e Elei\u00e7\u00e3o de membros do Conselho de Administra\u00e7\u00e3o\n<ul>\n \t<li><i>Presidente do Conselho 1981-1982 : Philippe Servaye<\/i><\/li>\n<\/ul>\n<\/li>\n \t<li>09\/04\/1980 \u2013 AGO &#8211; Aprova\u00e7\u00e3o de contas 1979<\/li>\n \t<li>18\/04\/1979 &#8211; AGO &#8211; Aprova\u00e7\u00e3o de contas 1978 e Elei\u00e7\u00e3o de membros do Conselho de Administra\u00e7\u00e3o\n<ul>\n \t<li><i>Presidente do Conselho 1979-1981 : Roger Weckx<\/i><\/li>\n<\/ul>\n<\/li>\n \t<li>25\/04\/1978 \u2013 AGO- Aprova\u00e7\u00e3o de contas 1977<\/li>\n \t<li>25\/04\/1977 &#8211; AGO &#8211; Aprova\u00e7\u00e3o de contas 1976 e Elei\u00e7\u00e3o de membros do Conselho de Administra\u00e7\u00e3o\n<ul>\n \t<li><i>Presidente do Conselho 1977-1979 : Roger Weckx<\/i><\/li>\n<\/ul>\n<\/li>\n \t<li>14\/04\/1976 \u2013 AGO &#8211; Aprova\u00e7\u00e3o de contas 1975.<\/li>\n \t<li>16\/04\/1975 \u2013 AGO, Aprova\u00e7\u00e3o de contas 1974 e Elei\u00e7\u00e3o de membros do Conselho de Administra\u00e7\u00e3o\n<ul>\n \t<li><i>Presidente do Conselho 1975-1977 : Roger Weckx<\/i><\/li>\n<\/ul>\n<\/li>\n \t<li>30\/04\/1974 \u2013 AGO<\/li>\n \t<li>03\/12\/1973 \u2013 Escritura de Compra dos conjuntos 1112, 1113 e 1114 no Condom\u00ednio Conjunto Nacional no 11 andar do bloco Horsa 1, por Cr$ 46.666,70<\/li>\n \t<li>27\/06\/1973 \u2013 AGO &#8211; e Elei\u00e7\u00e3o de membros do Conselho de Administra\u00e7\u00e3o\n<ul>\n \t<li><i>Presidente do Conselho 1973-1975 : Roger Weckx<\/i><\/li>\n<\/ul>\n<\/li>\n \t<li>26\/04\/1972 \u2013 AGO<\/li>\n \t<li>14\/04\/1971 \u2013 AGO &#8211; e Elei\u00e7\u00e3o de membros do Conselho de Administra\u00e7\u00e3o\n<ul>\n \t<li><i>Presidente do Conselho 1971-1973 : Roger Weckx<\/i><\/li>\n<\/ul>\n<\/li>\n \t<li>13\/04\/1970 \u2013 AGO &#8211; Ren\u00fancia do Presidente e ratifica\u00e7\u00e3o do Vice-Presidente como novo presidente at\u00e9 o final do mandato\n<ul>\n \t<li><i>Presidente do Conselho 1970-1971 : Roger Weckx<\/i><\/li>\n<\/ul>\n<\/li>\n \t<li>23\/04\/1969 \u2013 AGO &#8211; e Elei\u00e7\u00e3o de membros do Conselho de Administra\u00e7\u00e3o\n<ul>\n \t<li><i>Presidente do Conselho 1969-1971 : Fernand-Louis Pirotte<\/i><\/li>\n<\/ul>\n<\/li>\n \t<li>11\/12\/1968 \u2013 Assembleia Geral de Instala\u00e7\u00e3o da C\u00e2mara de Com\u00e9rcio-Industria Belgo-Luxemburguesa e Brasileira no Brasil GO &#8211; Elei\u00e7\u00e3o de Conselho de Administra\u00e7\u00e3o at\u00e9 a pr\u00f3xima AGO\n<ul>\n \t<li><i>Presidente do Conselho 1968-1970 : Fernand-Louis Pirotte<\/i><\/li>\n<\/ul>\n<\/li>\n \t<li>18\/10\/1938 \u2013 C\u00e2mara de Com\u00e9rcio Belgo-Brasileira de S\u00e3o Paulo<\/li>\n<\/ul>\t\t\t\t\t\t\t\t<\/div>\n\t\t\t\t<\/div>\n\t\t\t\t\t<\/div>\n\t\t<\/div>\n\t\t\t\t\t<\/div>\n\t\t<\/section>\n\t\t\t\t<\/div>","protected":false},"excerpt":{"rendered":"<p>Governan\u00e7a A Belgalux \u00e9 administrada por diretoria volunt\u00e1ria e Conselho Consultivo. A diretoria, da qual faz parte o presidente, e o Conselho Consultivo, \u00e9 eleita pelos associados que est\u00e3o em dia com suas cotiza\u00e7\u00f5es, para mandatos de dois anos. Os Diretores podem ter o seu mandato sucessivo renov\u00e1vel apenas uma vez, perfazendo um per\u00edodo m\u00e1ximo [&hellip;]<\/p>\n","protected":false},"author":5,"featured_media":0,"parent":0,"menu_order":0,"comment_status":"closed","ping_status":"closed","template":"","meta":{"site-sidebar-layout":"no-sidebar","site-content-layout":"page-builder","ast-site-content-layout":"full-width-container","site-content-style":"unboxed","site-sidebar-style":"unboxed","ast-global-header-display":"","ast-banner-title-visibility":"","ast-main-header-display":"","ast-hfb-above-header-display":"","ast-hfb-below-header-display":"","ast-hfb-mobile-header-display":"","site-post-title":"disabled","ast-breadcrumbs-content":"","ast-featured-img":"disabled","footer-sml-layout":"","ast-disable-related-posts":"","theme-transparent-header-meta":"enabled","adv-header-id-meta":"","stick-header-meta":"","header-above-stick-meta":"","header-main-stick-meta":"","header-below-stick-meta":"","astra-migrate-meta-layouts":"set","ast-page-background-enabled":"default","ast-page-background-meta":{"desktop":{"background-color":"","background-image":"","background-repeat":"repeat","background-position":"center center","background-size":"auto","background-attachment":"scroll","background-type":"","background-media":"","overlay-type":"","overlay-color":"","overlay-opacity":"","overlay-gradient":""},"tablet":{"background-color":"","background-image":"","background-repeat":"repeat","background-position":"center center","background-size":"auto","background-attachment":"scroll","background-type":"","background-media":"","overlay-type":"","overlay-color":"","overlay-opacity":"","overlay-gradient":""},"mobile":{"background-color":"","background-image":"","background-repeat":"repeat","background-position":"center center","background-size":"auto","background-attachment":"scroll","background-type":"","background-media":"","overlay-type":"","overlay-color":"","overlay-opacity":"","overlay-gradient":""}},"ast-content-background-meta":{"desktop":{"background-color":"var(--ast-global-color-5)","background-image":"","background-repeat":"repeat","background-position":"center center","background-size":"auto","background-attachment":"scroll","background-type":"","background-media":"","overlay-type":"","overlay-color":"","overlay-opacity":"","overlay-gradient":""},"tablet":{"background-color":"var(--ast-global-color-5)","background-image":"","background-repeat":"repeat","background-position":"center center","background-size":"auto","background-attachment":"scroll","background-type":"","background-media":"","overlay-type":"","overlay-color":"","overlay-opacity":"","overlay-gradient":""},"mobile":{"background-color":"var(--ast-global-color-5)","background-image":"","background-repeat":"repeat","background-position":"center center","background-size":"auto","background-attachment":"scroll","background-type":"","background-media":"","overlay-type":"","overlay-color":"","overlay-opacity":"","overlay-gradient":""}},"footnotes":""},"class_list":["post-1551","page","type-page","status-publish","hentry"],"_links":{"self":[{"href":"https:\/\/belgalux.com.br\/en\/wp-json\/wp\/v2\/pages\/1551","targetHints":{"allow":["GET"]}}],"collection":[{"href":"https:\/\/belgalux.com.br\/en\/wp-json\/wp\/v2\/pages"}],"about":[{"href":"https:\/\/belgalux.com.br\/en\/wp-json\/wp\/v2\/types\/page"}],"author":[{"embeddable":true,"href":"https:\/\/belgalux.com.br\/en\/wp-json\/wp\/v2\/users\/5"}],"replies":[{"embeddable":true,"href":"https:\/\/belgalux.com.br\/en\/wp-json\/wp\/v2\/comments?post=1551"}],"version-history":[{"count":8,"href":"https:\/\/belgalux.com.br\/en\/wp-json\/wp\/v2\/pages\/1551\/revisions"}],"predecessor-version":[{"id":2771,"href":"https:\/\/belgalux.com.br\/en\/wp-json\/wp\/v2\/pages\/1551\/revisions\/2771"}],"wp:attachment":[{"href":"https:\/\/belgalux.com.br\/en\/wp-json\/wp\/v2\/media?parent=1551"}],"curies":[{"name":"wp","href":"https:\/\/api.w.org\/{rel}","templated":true}]}}